{"id":204,"date":"2015-02-17T09:38:03","date_gmt":"2015-02-17T07:38:03","guid":{"rendered":"http:\/\/internist.ro\/?page_id=204"},"modified":"2020-11-18T21:02:14","modified_gmt":"2020-11-18T19:02:14","slug":"informatii-medicale-pentru-pacienti","status":"publish","type":"page","link":"https:\/\/internist.ro\/?page_id=204","title":{"rendered":"Informatii medicale pentru pacienti"},"content":{"rendered":"<h2>Intelegerea propriei boli si a tratamentului este una din etapele importante in aderenta la planul terapeutic, unul din principalii factori implicati in ameliorare sau vindecare.<\/h2>\n<p><strong>Astazi despre Boala Horton<\/strong><\/p>\n<p>Boala Horton sau Arterita celular\u0103 gigant\u0103 este o boala &nbsp;inflamatorie a tunicii interne a arterelor. Cel mai adesea afecteaz\u0103 arterele din cap, \u00een special cele din temple. Din acest motiv, arterita de celule uria\u0219e este uneori numit\u0103 arterit\u0103 temporal\u0103. Ea apare in special la pacien\u021bii cu v\u00e2rsta peste 60 ani.<\/p>\n<p>Diagnosticarea bolii Horton, in special la debutul bolii poate fi dificil\u0103 deoarece tabloul bolii este incomplet.<\/p>\n<p>Simptomele principale sunt durerile &nbsp;de cap in special pe jum\u0103tatea capului, sensibilitate la scalp, durere la nivelul maxilarului \u0219i probleme de vedere.<\/p>\n<p>Examenul clinic poate eviden\u021bia la nivelul arterei temporale o rigiditate atipica si o hipersensibilitate la nivelul scalpului.<\/p>\n<p>La nivelul analizelor de s\u00e2nge pare un sindrom inflamator(VSH ul &nbsp;sau CRP ul crescut)&nbsp; si in timp poate sa apar\u0103 si anemie(globulele ro\u0219ii sc\u0103zute). Diagnosticul de certitudine se pune pe biopsia de artera temporal\u0103. Ecografia doppler la nivelul arterei temporale devine din ce in ce mai utilizata datorita neinvazivita\u021bii, cu o buna sensibilitate in special&nbsp; corelata cu r\u0103spunsul la 2 s\u0103pt\u0103m\u00e2ni de tratament.<\/p>\n<p>Tratamentul prompt cu medicamente corticosteroid u\u0219ureaz\u0103, simptomele arterei celulare uria\u0219e \u0219i poate preveni pierderea vederii. Ve\u021bi \u00eencepe probabil s\u0103 v\u0103 sim\u021bi\u021bi mai bine \u00een zilele de la \u00eenceperea tratamentului. Dar chiar \u0219i cu tratament, recidivele sunt frecvente. Dac\u0103 este l\u0103sat\u0103 netratat\u0103, aceasta poate duce la accident vascular cerebral sau orbire.<\/p>\n<p>Tratamentul si evolu\u021bia bolii vor trebui monitorizate in mod regulat.<\/p>\n<p>&nbsp;<\/p>\n","protected":false},"excerpt":{"rendered":"<p>Intelegerea propriei boli si a tratamentului este una din etapele importante in aderenta la planul terapeutic, unul din principalii factori [&hellip;]<\/p>\n","protected":false},"author":1,"featured_media":0,"parent":0,"menu_order":0,"comment_status":"closed","ping_status":"closed","template":"","meta":[],"_links":{"self":[{"href":"https:\/\/internist.ro\/index.php?rest_route=\/wp\/v2\/pages\/204"}],"collection":[{"href":"https:\/\/internist.ro\/index.php?rest_route=\/wp\/v2\/pages"}],"about":[{"href":"https:\/\/internist.ro\/index.php?rest_route=\/wp\/v2\/types\/page"}],"author":[{"embeddable":true,"href":"https:\/\/internist.ro\/index.php?rest_route=\/wp\/v2\/users\/1"}],"replies":[{"embeddable":true,"href":"https:\/\/internist.ro\/index.php?rest_route=%2Fwp%2Fv2%2Fcomments&post=204"}],"version-history":[{"count":4,"href":"https:\/\/internist.ro\/index.php?rest_route=\/wp\/v2\/pages\/204\/revisions"}],"predecessor-version":[{"id":319,"href":"https:\/\/internist.ro\/index.php?rest_route=\/wp\/v2\/pages\/204\/revisions\/319"}],"wp:attachment":[{"href":"https:\/\/internist.ro\/index.php?rest_route=%2Fwp%2Fv2%2Fmedia&parent=204"}],"curies":[{"name":"wp","href":"https:\/\/api.w.org\/{rel}","templated":true}]}}